{"id":2834,"date":"2024-01-30T12:25:45","date_gmt":"2024-01-30T12:25:45","guid":{"rendered":"https:\/\/tentaccion.com\/aviso-legal\/"},"modified":"2024-02-05T08:39:10","modified_gmt":"2024-02-05T08:39:10","slug":"aviso-legal","status":"publish","type":"page","link":"https:\/\/tentaccion.com\/fr\/aviso-legal\/","title":{"rendered":"MENTIONS L\u00c9GALES"},"content":{"rendered":"\t\t<div data-elementor-type=\"wp-page\" data-elementor-id=\"2834\" class=\"elementor elementor-2834 elementor-2616\" data-elementor-post-type=\"page\">\n\t\t\t\t<div class=\"elementor-element elementor-element-15f338b e-flex e-con-boxed e-con e-parent\" data-id=\"15f338b\" data-element_type=\"container\" data-e-type=\"container\" data-settings=\"{&quot;background_background&quot;:&quot;classic&quot;}\">\n\t\t\t\t\t<div class=\"e-con-inner\">\n\t\t<div class=\"elementor-element elementor-element-c6475aa e-flex e-con-boxed elementor-invisible e-con e-child\" data-id=\"c6475aa\" data-element_type=\"container\" data-e-type=\"container\" data-settings=\"{&quot;animation&quot;:&quot;fadeIn&quot;}\">\n\t\t\t\t\t<div class=\"e-con-inner\">\n\t\t\t\t<div class=\"elementor-element elementor-element-bcf88ed elementor-widget elementor-widget-heading\" data-id=\"bcf88ed\" data-element_type=\"widget\" data-e-type=\"widget\" data-widget_type=\"heading.default\">\n\t\t\t\t<div class=\"elementor-widget-container\">\n\t\t\t\t\t<h2 class=\"elementor-heading-title elementor-size-default\">MENTIONS L\u00c9GALES<\/h2>\t\t\t\t<\/div>\n\t\t\t\t<\/div>\n\t\t\t\t\t<\/div>\n\t\t\t\t<\/div>\n\t\t<div class=\"elementor-element elementor-element-0c80dee e-flex e-con-boxed elementor-invisible e-con e-child\" data-id=\"0c80dee\" data-element_type=\"container\" data-e-type=\"container\" data-settings=\"{&quot;animation&quot;:&quot;fadeIn&quot;,&quot;animation_delay&quot;:1000}\">\n\t\t\t\t\t<div class=\"e-con-inner\">\n\t\t\t\t\t<\/div>\n\t\t\t\t<\/div>\n\t\t\t\t\t<\/div>\n\t\t\t\t<\/div>\n\t\t<div class=\"elementor-element elementor-element-e02c29b e-flex e-con-boxed e-con e-parent\" data-id=\"e02c29b\" data-element_type=\"container\" data-e-type=\"container\">\n\t\t\t\t\t<div class=\"e-con-inner\">\n\t\t\t\t<div class=\"elementor-element elementor-element-b1132bd elementor-widget elementor-widget-spacer\" data-id=\"b1132bd\" data-element_type=\"widget\" data-e-type=\"widget\" data-widget_type=\"spacer.default\">\n\t\t\t\t<div class=\"elementor-widget-container\">\n\t\t\t\t\t\t\t<div class=\"elementor-spacer\">\n\t\t\t<div class=\"elementor-spacer-inner\"><\/div>\n\t\t<\/div>\n\t\t\t\t\t\t<\/div>\n\t\t\t\t<\/div>\n\t\t\t\t\t<\/div>\n\t\t\t\t<\/div>\n\t\t<div class=\"elementor-element elementor-element-8718fea e-flex e-con-boxed elementor-invisible e-con e-parent\" data-id=\"8718fea\" data-element_type=\"container\" data-e-type=\"container\" data-settings=\"{&quot;background_background&quot;:&quot;classic&quot;,&quot;animation&quot;:&quot;fadeInUp&quot;,&quot;animation_delay&quot;:2000}\">\n\t\t\t\t\t<div class=\"e-con-inner\">\n\t\t<div class=\"elementor-element elementor-element-ec97261 e-con-full e-flex e-con e-child\" data-id=\"ec97261\" data-element_type=\"container\" data-e-type=\"container\" data-settings=\"{&quot;background_background&quot;:&quot;classic&quot;}\">\n\t\t\t\t<div class=\"elementor-element elementor-element-2d8e8e8 elementor-widget elementor-widget-spacer\" data-id=\"2d8e8e8\" data-element_type=\"widget\" data-e-type=\"widget\" data-widget_type=\"spacer.default\">\n\t\t\t\t<div class=\"elementor-widget-container\">\n\t\t\t\t\t\t\t<div class=\"elementor-spacer\">\n\t\t\t<div class=\"elementor-spacer-inner\"><\/div>\n\t\t<\/div>\n\t\t\t\t\t\t<\/div>\n\t\t\t\t<\/div>\n\t\t\t\t<\/div>\n\t\t\t\t\t<\/div>\n\t\t\t\t<\/div>\n\t\t<div class=\"elementor-element elementor-element-62a96d4 e-flex e-con-boxed e-con e-parent\" data-id=\"62a96d4\" data-element_type=\"container\" data-e-type=\"container\">\n\t\t\t\t\t<div class=\"e-con-inner\">\n\t\t\t\t<div class=\"elementor-element elementor-element-af71244 elementor-widget elementor-widget-spacer\" data-id=\"af71244\" data-element_type=\"widget\" data-e-type=\"widget\" data-widget_type=\"spacer.default\">\n\t\t\t\t<div class=\"elementor-widget-container\">\n\t\t\t\t\t\t\t<div class=\"elementor-spacer\">\n\t\t\t<div class=\"elementor-spacer-inner\"><\/div>\n\t\t<\/div>\n\t\t\t\t\t\t<\/div>\n\t\t\t\t<\/div>\n\t\t\t\t\t<\/div>\n\t\t\t\t<\/div>\n\t\t<div class=\"elementor-element elementor-element-5a5ecbd e-flex e-con-boxed e-con e-parent\" data-id=\"5a5ecbd\" data-element_type=\"container\" data-e-type=\"container\" data-settings=\"{&quot;background_background&quot;:&quot;classic&quot;}\">\n\t\t\t\t\t<div class=\"e-con-inner\">\n\t\t<div class=\"elementor-element elementor-element-c45273f e-con-full e-flex e-con e-child\" data-id=\"c45273f\" data-element_type=\"container\" data-e-type=\"container\">\n\t\t\t\t<div class=\"elementor-element elementor-element-53d24b9 elementor-widget elementor-widget-spacer\" data-id=\"53d24b9\" data-element_type=\"widget\" data-e-type=\"widget\" data-widget_type=\"spacer.default\">\n\t\t\t\t<div class=\"elementor-widget-container\">\n\t\t\t\t\t\t\t<div class=\"elementor-spacer\">\n\t\t\t<div class=\"elementor-spacer-inner\"><\/div>\n\t\t<\/div>\n\t\t\t\t\t\t<\/div>\n\t\t\t\t<\/div>\n\t\t\t\t<div class=\"elementor-element elementor-element-4e70a3b elementor-widget elementor-widget-heading\" data-id=\"4e70a3b\" data-element_type=\"widget\" data-e-type=\"widget\" data-widget_type=\"heading.default\">\n\t\t\t\t<div class=\"elementor-widget-container\">\n\t\t\t\t\t<h2 class=\"elementor-heading-title elementor-size-default\">LOI SUR LES SERVICES DE LA SOCI\u00c9T\u00c9 DE L\u2019INFORMATION ET DU COMMERCE \u00c9LECTRONIQUE (LSSI)<\/h2>\t\t\t\t<\/div>\n\t\t\t\t<\/div>\n\t\t\t\t<div class=\"elementor-element elementor-element-4809e23 elementor-widget-mobile__width-auto elementor-widget elementor-widget-text-editor\" data-id=\"4809e23\" data-element_type=\"widget\" data-e-type=\"widget\" data-widget_type=\"text-editor.default\">\n\t\t\t\t<div class=\"elementor-widget-container\">\n\t\t\t\t\t\t\t\t\t<p>Le propri\u00e9taire de ce site web met \u00e0 la disposition des visiteurs une s\u00e9rie de donn\u00e9es qui, d\u2019apr\u00e8s la Loi 34\/2002 du 11 juillet \u2013 LSSICE sur \u00ab les Services de la Soci\u00e9t\u00e9 et de l\u2019information de commerce \u00e9lectronique \u00bb, doivent \u00eatre automatiquement mises \u00e0 la disposition, aussi bien des destinataires du service qu\u2019aux organes comp\u00e9tents, et pour cela, ils pourront \u00eatre trouv\u00e9s ci-apr\u00e8s facilement, directement et gratuitement:<\/p><p>Propri\u00e9taire:\u00a0<strong>TENTACCION SOL Y SOMBRA, S.L.<\/strong><\/p><p>N.I.F. \/C.I.F (identifiant fiscal):\u00a0<strong>B-75011742<\/strong><\/p><p>Domicile de l\u2019entreprise:\u00a0<strong>Pol\u00edgono Ibai Ondo Pabell\u00f3n 17-18 Hernani 20120 Guip\u00fazcoa<\/strong><\/p><p>Registre du commerce et des soci\u00e9t\u00e9s de\u00a0<strong>Guipuscoa<\/strong>\u00a0Tome\u00a0<strong>2467<\/strong>\u00a0Feuille\u00a0<strong>5532376<\/strong>\u00a0Folio\u00a0<strong>106<\/strong>\u00a0Note\u00a0<strong>1\u00aa<\/strong><\/p><p>T\u00e9l\u00e9phone de contact:\u00a0<strong>0034 943 225130<\/strong><\/p><p>Courriel: <a href=\"mailto:babro@tentaccion.es\">babro@tentaccion.es<\/a><\/p>\t\t\t\t\t\t\t\t<\/div>\n\t\t\t\t<\/div>\n\t\t\t\t<div class=\"elementor-element elementor-element-aa9f9f4 elementor-widget-divider--view-line elementor-widget elementor-widget-divider\" data-id=\"aa9f9f4\" data-element_type=\"widget\" data-e-type=\"widget\" data-widget_type=\"divider.default\">\n\t\t\t\t<div class=\"elementor-widget-container\">\n\t\t\t\t\t\t\t<div class=\"elementor-divider\">\n\t\t\t<span class=\"elementor-divider-separator\">\n\t\t\t\t\t\t<\/span>\n\t\t<\/div>\n\t\t\t\t\t\t<\/div>\n\t\t\t\t<\/div>\n\t\t\t\t<\/div>\n\t\t\t\t\t<\/div>\n\t\t\t\t<\/div>\n\t\t<div class=\"elementor-element elementor-element-b7f1a28 e-flex e-con-boxed e-con e-parent\" data-id=\"b7f1a28\" data-element_type=\"container\" data-e-type=\"container\" data-settings=\"{&quot;background_background&quot;:&quot;classic&quot;}\">\n\t\t\t\t\t<div class=\"e-con-inner\">\n\t\t<div class=\"elementor-element elementor-element-bd92dd6 e-con-full e-flex e-con e-child\" data-id=\"bd92dd6\" data-element_type=\"container\" data-e-type=\"container\">\n\t\t\t\t<div class=\"elementor-element elementor-element-e509593 elementor-widget elementor-widget-heading\" data-id=\"e509593\" data-element_type=\"widget\" data-e-type=\"widget\" data-widget_type=\"heading.default\">\n\t\t\t\t<div class=\"elementor-widget-container\">\n\t\t\t\t\t<h2 class=\"elementor-heading-title elementor-size-default\">LOI ORGANIQUE DE PROTECTION DES DONN\u00c9ES (LOPD 15\/1999)<\/h2>\t\t\t\t<\/div>\n\t\t\t\t<\/div>\n\t\t\t\t<div class=\"elementor-element elementor-element-066704c elementor-widget elementor-widget-text-editor\" data-id=\"066704c\" data-element_type=\"widget\" data-e-type=\"widget\" data-widget_type=\"text-editor.default\">\n\t\t\t\t<div class=\"elementor-widget-container\">\n\t\t\t\t\t\t\t\t\t<p>Conform\u00e9ment \u00e0 la r\u00e8glementation en vigueur en mati\u00e8re de protection des donn\u00e9es, nous vous informons de l\u2019int\u00e9gration de vos donn\u00e9es personnelles incontournables \u00e0 la r\u00e9alisation de notre relation commerciale sur nos fichiers inscrits \u00e0 l\u2019Agence de protection des donn\u00e9es au nom de\u00a0<strong>TENTACCION SOL Y SOMBRA, S.L.<\/strong><\/p><p>De-m\u00eame, nous demandons votre consentement pour l\u2019envoi de communications commerciales par des moyens \u00e9lectroniques. Vous pourrez exercer vos droits d\u2019acc\u00e8s, de rectification, d\u2019annulation et d\u2019opposition en adressant une lettre au domicile de l\u2019entreprise mentionn\u00e9 dans la pr\u00e9sente.<\/p>\t\t\t\t\t\t\t\t<\/div>\n\t\t\t\t<\/div>\n\t\t\t\t<div class=\"elementor-element elementor-element-487f835 elementor-widget-divider--view-line elementor-widget elementor-widget-divider\" data-id=\"487f835\" data-element_type=\"widget\" data-e-type=\"widget\" data-widget_type=\"divider.default\">\n\t\t\t\t<div class=\"elementor-widget-container\">\n\t\t\t\t\t\t\t<div class=\"elementor-divider\">\n\t\t\t<span class=\"elementor-divider-separator\">\n\t\t\t\t\t\t<\/span>\n\t\t<\/div>\n\t\t\t\t\t\t<\/div>\n\t\t\t\t<\/div>\n\t\t\t\t<\/div>\n\t\t\t\t\t<\/div>\n\t\t\t\t<\/div>\n\t\t\t\t<\/div>\n\t\t","protected":false},"excerpt":{"rendered":"<p>MENTIONS L\u00c9GALES LOI SUR LES SERVICES DE LA SOCI\u00c9T\u00c9 DE L\u2019INFORMATION ET DU COMMERCE \u00c9LECTRONIQUE (LSSI) Le propri\u00e9taire de ce site web met \u00e0 la disposition des visiteurs une s\u00e9rie de donn\u00e9es qui, d\u2019apr\u00e8s la Loi 34\/2002 du 11 juillet \u2013 LSSICE sur \u00ab les Services de la Soci\u00e9t\u00e9 et de l\u2019information de commerce \u00e9lectronique [&hellip;]<\/p>\n","protected":false},"author":2,"featured_media":0,"parent":0,"menu_order":0,"comment_status":"closed","ping_status":"closed","template":"","meta":{"footnotes":""},"class_list":["post-2834","page","type-page","status-publish","hentry"],"_links":{"self":[{"href":"https:\/\/tentaccion.com\/fr\/wp-json\/wp\/v2\/pages\/2834","targetHints":{"allow":["GET"]}}],"collection":[{"href":"https:\/\/tentaccion.com\/fr\/wp-json\/wp\/v2\/pages"}],"about":[{"href":"https:\/\/tentaccion.com\/fr\/wp-json\/wp\/v2\/types\/page"}],"author":[{"embeddable":true,"href":"https:\/\/tentaccion.com\/fr\/wp-json\/wp\/v2\/users\/2"}],"replies":[{"embeddable":true,"href":"https:\/\/tentaccion.com\/fr\/wp-json\/wp\/v2\/comments?post=2834"}],"version-history":[{"count":4,"href":"https:\/\/tentaccion.com\/fr\/wp-json\/wp\/v2\/pages\/2834\/revisions"}],"predecessor-version":[{"id":2838,"href":"https:\/\/tentaccion.com\/fr\/wp-json\/wp\/v2\/pages\/2834\/revisions\/2838"}],"wp:attachment":[{"href":"https:\/\/tentaccion.com\/fr\/wp-json\/wp\/v2\/media?parent=2834"}],"curies":[{"name":"wp","href":"https:\/\/api.w.org\/{rel}","templated":true}]}}