{"id":2871,"date":"2024-01-30T14:00:42","date_gmt":"2024-01-30T14:00:42","guid":{"rendered":"https:\/\/tentaccion.com\/politica-de-cookies\/"},"modified":"2024-02-05T09:33:11","modified_gmt":"2024-02-05T09:33:11","slug":"politica-de-cookies","status":"publish","type":"page","link":"https:\/\/tentaccion.com\/fr\/politica-de-cookies\/","title":{"rendered":"POLITIQUE EN MATI\u00c8RE DE COOKIES"},"content":{"rendered":"\t\t<div data-elementor-type=\"wp-page\" data-elementor-id=\"2871\" class=\"elementor elementor-2871 elementor-2645\" data-elementor-post-type=\"page\">\n\t\t\t\t<div class=\"elementor-element elementor-element-0604999 e-flex e-con-boxed e-con e-parent\" data-id=\"0604999\" data-element_type=\"container\" data-e-type=\"container\" data-settings=\"{&quot;background_background&quot;:&quot;classic&quot;}\">\n\t\t\t\t\t<div class=\"e-con-inner\">\n\t\t<div class=\"elementor-element elementor-element-4d41b30 e-flex e-con-boxed elementor-invisible e-con e-child\" data-id=\"4d41b30\" data-element_type=\"container\" data-e-type=\"container\" data-settings=\"{&quot;animation&quot;:&quot;fadeIn&quot;}\">\n\t\t\t\t\t<div class=\"e-con-inner\">\n\t\t\t\t<div class=\"elementor-element elementor-element-5cc7702 elementor-widget elementor-widget-heading\" data-id=\"5cc7702\" data-element_type=\"widget\" data-e-type=\"widget\" data-widget_type=\"heading.default\">\n\t\t\t\t<div class=\"elementor-widget-container\">\n\t\t\t\t\t<h2 class=\"elementor-heading-title elementor-size-default\">POLITIQUE EN MATI\u00c8RE DE COOKIES<\/h2>\t\t\t\t<\/div>\n\t\t\t\t<\/div>\n\t\t\t\t\t<\/div>\n\t\t\t\t<\/div>\n\t\t<div class=\"elementor-element elementor-element-f0148fc e-flex e-con-boxed elementor-invisible e-con e-child\" data-id=\"f0148fc\" data-element_type=\"container\" data-e-type=\"container\" data-settings=\"{&quot;animation&quot;:&quot;fadeIn&quot;,&quot;animation_delay&quot;:1000}\">\n\t\t\t\t\t<div class=\"e-con-inner\">\n\t\t<div class=\"elementor-element elementor-element-2c99ad0 e-flex e-con-boxed e-con e-child\" data-id=\"2c99ad0\" data-element_type=\"container\" data-e-type=\"container\">\n\t\t\t\t\t<div class=\"e-con-inner\">\n\t\t\t\t<div class=\"elementor-element elementor-element-cc61da2 elementor-widget elementor-widget-spacer\" data-id=\"cc61da2\" data-element_type=\"widget\" data-e-type=\"widget\" data-widget_type=\"spacer.default\">\n\t\t\t\t<div class=\"elementor-widget-container\">\n\t\t\t\t\t\t\t<div class=\"elementor-spacer\">\n\t\t\t<div class=\"elementor-spacer-inner\"><\/div>\n\t\t<\/div>\n\t\t\t\t\t\t<\/div>\n\t\t\t\t<\/div>\n\t\t\t\t\t<\/div>\n\t\t\t\t<\/div>\n\t\t\t\t\t<\/div>\n\t\t\t\t<\/div>\n\t\t\t\t\t<\/div>\n\t\t\t\t<\/div>\n\t\t<div class=\"elementor-element elementor-element-b6ce5e9 e-flex e-con-boxed elementor-invisible e-con e-parent\" data-id=\"b6ce5e9\" data-element_type=\"container\" data-e-type=\"container\" data-settings=\"{&quot;background_background&quot;:&quot;classic&quot;,&quot;animation&quot;:&quot;fadeInUp&quot;,&quot;animation_delay&quot;:2000}\">\n\t\t\t\t\t<div class=\"e-con-inner\">\n\t\t<div class=\"elementor-element elementor-element-26bbcb4 e-con-full e-flex e-con e-child\" data-id=\"26bbcb4\" data-element_type=\"container\" data-e-type=\"container\" data-settings=\"{&quot;background_background&quot;:&quot;classic&quot;}\">\n\t\t\t\t<div class=\"elementor-element elementor-element-0670f12 elementor-widget elementor-widget-spacer\" data-id=\"0670f12\" data-element_type=\"widget\" data-e-type=\"widget\" data-widget_type=\"spacer.default\">\n\t\t\t\t<div class=\"elementor-widget-container\">\n\t\t\t\t\t\t\t<div class=\"elementor-spacer\">\n\t\t\t<div class=\"elementor-spacer-inner\"><\/div>\n\t\t<\/div>\n\t\t\t\t\t\t<\/div>\n\t\t\t\t<\/div>\n\t\t\t\t<\/div>\n\t\t\t\t\t<\/div>\n\t\t\t\t<\/div>\n\t\t<div class=\"elementor-element elementor-element-5aed6f1 e-flex e-con-boxed e-con e-parent\" data-id=\"5aed6f1\" data-element_type=\"container\" data-e-type=\"container\">\n\t\t\t\t\t<div class=\"e-con-inner\">\n\t\t\t\t<div class=\"elementor-element elementor-element-6c4f2bc elementor-widget elementor-widget-spacer\" data-id=\"6c4f2bc\" data-element_type=\"widget\" data-e-type=\"widget\" data-widget_type=\"spacer.default\">\n\t\t\t\t<div class=\"elementor-widget-container\">\n\t\t\t\t\t\t\t<div class=\"elementor-spacer\">\n\t\t\t<div class=\"elementor-spacer-inner\"><\/div>\n\t\t<\/div>\n\t\t\t\t\t\t<\/div>\n\t\t\t\t<\/div>\n\t\t\t\t\t<\/div>\n\t\t\t\t<\/div>\n\t\t<div class=\"elementor-element elementor-element-cd7e30f e-flex e-con-boxed e-con e-parent\" data-id=\"cd7e30f\" data-element_type=\"container\" data-e-type=\"container\" data-settings=\"{&quot;background_background&quot;:&quot;classic&quot;}\">\n\t\t\t\t\t<div class=\"e-con-inner\">\n\t\t<div class=\"elementor-element elementor-element-d0ae279 e-con-full e-flex e-con e-child\" data-id=\"d0ae279\" data-element_type=\"container\" data-e-type=\"container\">\n\t\t\t\t<div class=\"elementor-element elementor-element-9578ab1 elementor-widget elementor-widget-spacer\" data-id=\"9578ab1\" data-element_type=\"widget\" data-e-type=\"widget\" data-widget_type=\"spacer.default\">\n\t\t\t\t<div class=\"elementor-widget-container\">\n\t\t\t\t\t\t\t<div class=\"elementor-spacer\">\n\t\t\t<div class=\"elementor-spacer-inner\"><\/div>\n\t\t<\/div>\n\t\t\t\t\t\t<\/div>\n\t\t\t\t<\/div>\n\t\t\t\t<div class=\"elementor-element elementor-element-5a15a23 elementor-widget elementor-widget-heading\" data-id=\"5a15a23\" data-element_type=\"widget\" data-e-type=\"widget\" data-widget_type=\"heading.default\">\n\t\t\t\t<div class=\"elementor-widget-container\">\n\t\t\t\t\t<h2 class=\"elementor-heading-title elementor-size-default\">QUE SONT LES COOKIES ?<\/h2>\t\t\t\t<\/div>\n\t\t\t\t<\/div>\n\t\t\t\t<div class=\"elementor-element elementor-element-1e7387a elementor-widget-mobile__width-auto elementor-widget elementor-widget-text-editor\" data-id=\"1e7387a\" data-element_type=\"widget\" data-e-type=\"widget\" data-widget_type=\"text-editor.default\">\n\t\t\t\t<div class=\"elementor-widget-container\">\n\t\t\t\t\t\t\t\t\t<p>Le site web du prestataire peut utiliser des cookies. Le cookie est un fichier qui se t\u00e9l\u00e9charge sur votre ordinateur en acc\u00e9dant \u00e0 certains sites web. Les cookies permettent \u00e0 une page web, notamment, de stocker et de r\u00e9cup\u00e9rer des informations sur les habitudes de navigation d\u2019un utilisateur ou de son poste et en fonction des informations contenues et de la fa\u00e7on dont vous utilisez votre poste, ils peuvent \u00eatre utilis\u00e9s pour reconna\u00eetre l\u2019utilisateur.<\/p><p>Le navigateur de l\u2019utilisateur m\u00e9morise des cookies dans le disque dur uniquement pendant la session en cours en occupant un espace de m\u00e9moire minimum et en ne nuisant pas \u00e0 votre ordinateur. Les cookies ne contiennent aucun genre d\u2019information personnelle sp\u00e9cifique et la majorit\u00e9 s\u2019effacent du disque dur \u00e0 la fin de la session de navigation (lesdits cookies de session).<\/p><p>La plupart des navigateurs acceptent les cookies comme standard et, ind\u00e9pendamment de ceux-ci, ils permettent ou bloquent, dans les param\u00e8tres de s\u00e9curit\u00e9, les cookies temporaires ou m\u00e9moris\u00e9s. Sans votre consentement expr\u00e8s (par l\u2019activation des cookies dans votre navigateur), les cookies ne relient pas les donn\u00e9es en m\u00e9moire \u00e0 vos donn\u00e9es personnelles en les fournissant au moment de l\u2019enregistrement ou de l\u2019achat.<\/p>\t\t\t\t\t\t\t\t<\/div>\n\t\t\t\t<\/div>\n\t\t\t\t<div class=\"elementor-element elementor-element-65e3784 elementor-widget-divider--view-line elementor-widget elementor-widget-divider\" data-id=\"65e3784\" data-element_type=\"widget\" data-e-type=\"widget\" data-widget_type=\"divider.default\">\n\t\t\t\t<div class=\"elementor-widget-container\">\n\t\t\t\t\t\t\t<div class=\"elementor-divider\">\n\t\t\t<span class=\"elementor-divider-separator\">\n\t\t\t\t\t\t<\/span>\n\t\t<\/div>\n\t\t\t\t\t\t<\/div>\n\t\t\t\t<\/div>\n\t\t\t\t<\/div>\n\t\t\t\t\t<\/div>\n\t\t\t\t<\/div>\n\t\t<div class=\"elementor-element elementor-element-07d0975 e-flex e-con-boxed e-con e-parent\" data-id=\"07d0975\" data-element_type=\"container\" data-e-type=\"container\" data-settings=\"{&quot;background_background&quot;:&quot;classic&quot;}\">\n\t\t\t\t\t<div class=\"e-con-inner\">\n\t\t<div class=\"elementor-element elementor-element-b419361 e-con-full e-flex e-con e-child\" data-id=\"b419361\" data-element_type=\"container\" data-e-type=\"container\">\n\t\t\t\t<div class=\"elementor-element elementor-element-598789d elementor-widget elementor-widget-spacer\" data-id=\"598789d\" data-element_type=\"widget\" data-e-type=\"widget\" data-widget_type=\"spacer.default\">\n\t\t\t\t<div class=\"elementor-widget-container\">\n\t\t\t\t\t\t\t<div class=\"elementor-spacer\">\n\t\t\t<div class=\"elementor-spacer-inner\"><\/div>\n\t\t<\/div>\n\t\t\t\t\t\t<\/div>\n\t\t\t\t<\/div>\n\t\t\t\t<div class=\"elementor-element elementor-element-d877626 elementor-widget elementor-widget-heading\" data-id=\"d877626\" data-element_type=\"widget\" data-e-type=\"widget\" data-widget_type=\"heading.default\">\n\t\t\t\t<div class=\"elementor-widget-container\">\n\t\t\t\t\t<h2 class=\"elementor-heading-title elementor-size-default\">QUELS TYPES DE COOKIES CE SITE WEB UTILISE-T-IL ?<\/h2>\t\t\t\t<\/div>\n\t\t\t\t<\/div>\n\t\t\t\t<div class=\"elementor-element elementor-element-2f55015 elementor-widget-mobile__width-auto elementor-widget elementor-widget-text-editor\" data-id=\"2f55015\" data-element_type=\"widget\" data-e-type=\"widget\" data-widget_type=\"text-editor.default\">\n\t\t\t\t<div class=\"elementor-widget-container\">\n\t\t\t\t\t\t\t\t\t<h6>LES COOKIES TECHNIQUES<\/h5>\nCe sont ceux qui permettent \u00e0 l\u2019utilisateur de naviguer \u00e0 travers un site web, une plateforme ou une application et l\u2019utilisation des diff\u00e9rentes options ou services qui y existent comme, par exemple, le contr\u00f4le du trafic et la communication de donn\u00e9es, identifier la session, acc\u00e9der aux espaces d\u2019acc\u00e8s restreint, rappeler les \u00e9l\u00e9ments qui int\u00e8grent une commande, r\u00e9aliser le processus d\u2019achat d\u2019une commande, r\u00e9aliser la demande d\u2019inscription ou de participation \u00e0 un \u00e9v\u00e8nement, utiliser des \u00e9l\u00e9ments de s\u00e9curit\u00e9 pendant la navigation, stocker des contenus pour la diffusion de vid\u00e9os ou de son ou partager des contenus \u00e0 travers les r\u00e9seaux sociaux.\n<h6>COOKIES DE PERSONNALISATION<\/h6>\nCe sont ceux qui permettent \u00e0 l\u2019utilisateur d\u2019acc\u00e9der au service avec certaines caract\u00e9ristiques g\u00e9n\u00e9rales pr\u00e9d\u00e9finies en fonction d\u2019une s\u00e9rie de crit\u00e8res au terminal de l\u2019utilisateur comme par exemple la langue, le type de navigateur \u00e0 travers duquel on acc\u00e8de au service, la configuration r\u00e9gionale depuis laquelle on acc\u00e8de au service, etc.\n<h6>COOKIES D\u2019ANALYSE<\/h6>\nCe sont ceux qui sont trait\u00e9s par nous ou par des tiers, nous permettent de quantifier le nombre d\u2019utilisateurs et de r\u00e9aliser ainsi la mesure et l\u2019analyse statistique de l\u2019utilisation que font les utilisateurs du service propos\u00e9. \u00c0 cet effet, votre navigation est analys\u00e9e sur notre page web afin d\u2019am\u00e9liorer l\u2019offre de produits ou services que nous vous proposons.\n<h6>COOKIES PUBLICITAIRES<\/h6>\nCe sont ceux qui, bien trait\u00e9s par nous ou par des tiers, nous permettent de g\u00e9rer de la fa\u00e7on la plus efficace possible l\u2019offre des espaces publicitaires contenus sur la page web, en adaptant le contenu de l\u2019annonce au contenu du service demand\u00e9 ou \u00e0 l\u2019utilisation que vous r\u00e9alisez de notre site web. Nous pouvons donc analyser vos habitudes de navigation sur Internet et nous pouvons afficher la publicit\u00e9 li\u00e9e \u00e0 votre profil de navigation.\n<h6>COOKIES DE PUBLICIT\u00c9 COMPORTEMENTALE<\/h6>\nCe sont ceux qui permettent la gestion, de la fa\u00e7on la plus efficace possible, des espaces publicitaires que, le cas \u00e9ch\u00e9ant, l\u2019\u00e9diteur a inclus sur une page web, une application ou une plateforme depuis laquelle il fournit le service demand\u00e9. Ces cookies stockent des informations sur le comportement des utilisateurs obtenues par le biais de l\u2019observation continue de leurs habitudes de navigation, ce qui permet de d\u00e9velopper un profil sp\u00e9cifique pour afficher la publicit\u00e9 en fonction de celui-ci.\t\t\t\t\t\t\t\t<\/div>\n\t\t\t\t<\/div>\n\t\t\t\t<div class=\"elementor-element elementor-element-945c52c elementor-widget-divider--view-line elementor-widget elementor-widget-divider\" data-id=\"945c52c\" data-element_type=\"widget\" data-e-type=\"widget\" data-widget_type=\"divider.default\">\n\t\t\t\t<div class=\"elementor-widget-container\">\n\t\t\t\t\t\t\t<div class=\"elementor-divider\">\n\t\t\t<span class=\"elementor-divider-separator\">\n\t\t\t\t\t\t<\/span>\n\t\t<\/div>\n\t\t\t\t\t\t<\/div>\n\t\t\t\t<\/div>\n\t\t\t\t<\/div>\n\t\t\t\t\t<\/div>\n\t\t\t\t<\/div>\n\t\t<div class=\"elementor-element elementor-element-ea5448d e-flex e-con-boxed e-con e-parent\" data-id=\"ea5448d\" data-element_type=\"container\" data-e-type=\"container\" data-settings=\"{&quot;background_background&quot;:&quot;classic&quot;}\">\n\t\t\t\t\t<div class=\"e-con-inner\">\n\t\t<div class=\"elementor-element elementor-element-719ce50 e-con-full e-flex e-con e-child\" data-id=\"719ce50\" data-element_type=\"container\" data-e-type=\"container\">\n\t\t\t\t<div class=\"elementor-element elementor-element-c65c62b elementor-widget elementor-widget-spacer\" data-id=\"c65c62b\" data-element_type=\"widget\" data-e-type=\"widget\" data-widget_type=\"spacer.default\">\n\t\t\t\t<div class=\"elementor-widget-container\">\n\t\t\t\t\t\t\t<div class=\"elementor-spacer\">\n\t\t\t<div class=\"elementor-spacer-inner\"><\/div>\n\t\t<\/div>\n\t\t\t\t\t\t<\/div>\n\t\t\t\t<\/div>\n\t\t\t\t<div class=\"elementor-element elementor-element-af8b2a3 elementor-widget elementor-widget-heading\" data-id=\"af8b2a3\" data-element_type=\"widget\" data-e-type=\"widget\" data-widget_type=\"heading.default\">\n\t\t\t\t<div class=\"elementor-widget-container\">\n\t\t\t\t\t<h2 class=\"elementor-heading-title elementor-size-default\">LES COOKIES DE TIERS<\/h2>\t\t\t\t<\/div>\n\t\t\t\t<\/div>\n\t\t\t\t<div class=\"elementor-element elementor-element-f6447f3 elementor-widget-mobile__width-auto elementor-widget elementor-widget-text-editor\" data-id=\"f6447f3\" data-element_type=\"widget\" data-e-type=\"widget\" data-widget_type=\"text-editor.default\">\n\t\t\t\t<div class=\"elementor-widget-container\">\n\t\t\t\t\t\t\t\t\tLe site web de\u00a0<strong>TENTACCION SOL Y SOMBRA, S.L<\/strong>\u00a0peut utiliser des services de tiers qui collecteront des informations \u00e0 des fins statistiques, d\u2019utilisation du site par l\u2019utilisateur et pour la prestation des autres services li\u00e9s \u00e0 l\u2019activit\u00e9 du site web et aux autres services d\u2019Internet.\n<h6>SERVICE DE GOOGLE ANALYTICS<\/h6>\nCe site web utilise en particulier Google Analytics, un service analytique de web fourni par Google, Inc. dont le domicile se trouve aux \u00c9tats unis et dont le si\u00e8ge central est \u00e9tabli au 1600 Amphitheatre Parkway, Mountain View, California 94043. Pour fournir ces services, ces derniers utilisent des cookies qui collectent des informations, y compris l\u2019adresse IP de l\u2019utilisateur, qui seront transmises, trait\u00e9es et stock\u00e9es par Google dans les conditions pr\u00e9cis\u00e9es sur le site web Google.com. Ces informations pourront \u00e9galement \u00eatre transmises \u00e0 des tiers pour des raisons d\u2019imp\u00e9ratif l\u00e9gal ou lorsque ces tiers traitent l\u2019information pour le compte de Google.\n<h6>SERVICE DE GOOGLE MAPS<\/h6>\nGoogle Maps permet l\u2019insertion de plans sur les sites web de tiers, tels que le pr\u00e9sent. Les cookies utilis\u00e9s par Google Maps sont : SID, SAPISID, APISID, SSID, HSID, NID, PREF.\n\nL\u2019Utilisateur accepte express\u00e9ment, en utilisant ce site, le traitement des informations collect\u00e9es en la forme et avec les finalit\u00e9s mentionn\u00e9es ci-dessus. Il reconnait \u00e9galement la possibilit\u00e9 de rejeter le traitement de ces donn\u00e9es ou des informations en rejetant l\u2019utilisation de Cookies en configurant \u00e0 cet effet votre navigateur. Cependant, cette option de blocage des Cookies dans votre navigateur peut ne pas permettre l\u2019utilisation pleine de toutes les fonctionnalit\u00e9s du site web.\t\t\t\t\t\t\t\t<\/div>\n\t\t\t\t<\/div>\n\t\t\t\t<div class=\"elementor-element elementor-element-63eab67 elementor-widget-divider--view-line elementor-widget elementor-widget-divider\" data-id=\"63eab67\" data-element_type=\"widget\" data-e-type=\"widget\" data-widget_type=\"divider.default\">\n\t\t\t\t<div class=\"elementor-widget-container\">\n\t\t\t\t\t\t\t<div class=\"elementor-divider\">\n\t\t\t<span class=\"elementor-divider-separator\">\n\t\t\t\t\t\t<\/span>\n\t\t<\/div>\n\t\t\t\t\t\t<\/div>\n\t\t\t\t<\/div>\n\t\t\t\t<\/div>\n\t\t\t\t\t<\/div>\n\t\t\t\t<\/div>\n\t\t<div class=\"elementor-element elementor-element-25037a0 e-flex e-con-boxed e-con e-parent\" data-id=\"25037a0\" data-element_type=\"container\" data-e-type=\"container\" data-settings=\"{&quot;background_background&quot;:&quot;classic&quot;}\">\n\t\t\t\t\t<div class=\"e-con-inner\">\n\t\t<div class=\"elementor-element elementor-element-1108404 e-con-full e-flex e-con e-child\" data-id=\"1108404\" data-element_type=\"container\" data-e-type=\"container\">\n\t\t\t\t<div class=\"elementor-element elementor-element-b45f090 elementor-widget elementor-widget-spacer\" data-id=\"b45f090\" data-element_type=\"widget\" data-e-type=\"widget\" data-widget_type=\"spacer.default\">\n\t\t\t\t<div class=\"elementor-widget-container\">\n\t\t\t\t\t\t\t<div class=\"elementor-spacer\">\n\t\t\t<div class=\"elementor-spacer-inner\"><\/div>\n\t\t<\/div>\n\t\t\t\t\t\t<\/div>\n\t\t\t\t<\/div>\n\t\t\t\t<div class=\"elementor-element elementor-element-0be3915 elementor-widget elementor-widget-heading\" data-id=\"0be3915\" data-element_type=\"widget\" data-e-type=\"widget\" data-widget_type=\"heading.default\">\n\t\t\t\t<div class=\"elementor-widget-container\">\n\t\t\t\t\t<h2 class=\"elementor-heading-title elementor-size-default\">COOKIES UTILIS\u00c9S SUR LE SITE WEB<\/h2>\t\t\t\t<\/div>\n\t\t\t\t<\/div>\n\t\t\t\t<div class=\"elementor-element elementor-element-df2daef elementor-widget-divider--view-line elementor-widget elementor-widget-divider\" data-id=\"df2daef\" data-element_type=\"widget\" data-e-type=\"widget\" data-widget_type=\"divider.default\">\n\t\t\t\t<div class=\"elementor-widget-container\">\n\t\t\t\t\t\t\t<div class=\"elementor-divider\">\n\t\t\t<span class=\"elementor-divider-separator\">\n\t\t\t\t\t\t<\/span>\n\t\t<\/div>\n\t\t\t\t\t\t<\/div>\n\t\t\t\t<\/div>\n\t\t\t\t<div class=\"elementor-element elementor-element-af3d762 elementor-widget-mobile__width-auto elementor-widget elementor-widget-text-editor\" data-id=\"af3d762\" data-element_type=\"widget\" data-e-type=\"widget\" data-widget_type=\"text-editor.default\">\n\t\t\t\t<div class=\"elementor-widget-container\">\n\t\t\t\t\t\t\t\t\t<table><thead><tr><th colspan=\"4\">COOKIES INTERNES<\/th><\/tr><tr><th colspan=\"2\">Nom<\/th><th>Type<\/th><th>Finalit\u00e9<\/th><\/tr><\/thead><tbody><tr><td colspan=\"2\">_CFGSESSID<\/td><td>Session<\/td><td>Identifier, enregistrer et r\u00e9utiliser les pr\u00e9f\u00e9rences de navigation de l\u2019utilisateur en termes de langues et de g\u00e9olocalisation.<\/td><\/tr><tr><td colspan=\"2\">cb-enabled<\/td><td>Permanent (1 an)<\/td><td>Guardar su consentimiento para utilizar cookies<\/td><\/tr><\/tbody><\/table><table><thead><tr><th colspan=\"5\">COOKIES DE TIERS<\/th><\/tr><tr><th>Cookie<\/th><th>Nom<\/th><th>Type<\/th><th>Finalit\u00e9<\/th><th>?<\/th><\/tr><\/thead><tbody><tr><td>Google Analytics<\/td><td>_ga<br \/>_gat<br \/>_gid<\/td><td>Permanents<\/td><td>Collecte de donn\u00e9es anonymes sur la navigation des utilisateurs par le site web pour conna\u00eetre l\u2019origine des visites et autres donn\u00e9es similaires.<\/td><td><a href=\"https:\/\/developers.google.com\/analytics\/devguides\/collection\/analyticsjs\/cookie-usage\" target=\"_blank\" rel=\"noopener\">Info<\/a><\/td><\/tr><\/tbody><\/table>\t\t\t\t\t\t\t\t<\/div>\n\t\t\t\t<\/div>\n\t\t\t\t<\/div>\n\t\t\t\t\t<\/div>\n\t\t\t\t<\/div>\n\t\t<div class=\"elementor-element elementor-element-1b9981a e-flex e-con-boxed e-con e-parent\" data-id=\"1b9981a\" data-element_type=\"container\" data-e-type=\"container\" data-settings=\"{&quot;background_background&quot;:&quot;classic&quot;}\">\n\t\t\t\t\t<div class=\"e-con-inner\">\n\t\t<div class=\"elementor-element elementor-element-e11d5ec e-con-full e-flex e-con e-child\" data-id=\"e11d5ec\" data-element_type=\"container\" data-e-type=\"container\">\n\t\t\t\t<div class=\"elementor-element elementor-element-f115841 elementor-widget elementor-widget-spacer\" data-id=\"f115841\" data-element_type=\"widget\" data-e-type=\"widget\" data-widget_type=\"spacer.default\">\n\t\t\t\t<div class=\"elementor-widget-container\">\n\t\t\t\t\t\t\t<div class=\"elementor-spacer\">\n\t\t\t<div class=\"elementor-spacer-inner\"><\/div>\n\t\t<\/div>\n\t\t\t\t\t\t<\/div>\n\t\t\t\t<\/div>\n\t\t\t\t<div class=\"elementor-element elementor-element-0bdfb23 elementor-widget elementor-widget-heading\" data-id=\"0bdfb23\" data-element_type=\"widget\" data-e-type=\"widget\" data-widget_type=\"heading.default\">\n\t\t\t\t<div class=\"elementor-widget-container\">\n\t\t\t\t\t<h2 class=\"elementor-heading-title elementor-size-default\">D\u00c9SACTIVATION DE COOKIES<\/h2>\t\t\t\t<\/div>\n\t\t\t\t<\/div>\n\t\t\t\t<div class=\"elementor-element elementor-element-f9b66a0 elementor-widget-mobile__width-auto elementor-widget elementor-widget-text-editor\" data-id=\"f9b66a0\" data-element_type=\"widget\" data-e-type=\"widget\" data-widget_type=\"text-editor.default\">\n\t\t\t\t<div class=\"elementor-widget-container\">\n\t\t\t\t\t\t\t\t\t<section class=\"row legal\"><div class=\"col\"><p>Vous pouvez autoriser, bloquer ou \u00e9liminer les cookies install\u00e9s sur votre poste en configurant des options du navigateur install\u00e9 sur votre ordinateur:<\/p><p>Chrome, depuis\u00a0<a href=\"http:\/\/support.google.com\/chrome\/bin\/answer.py?hl=es&amp;answer=95647\" target=\"_blank\" rel=\"noopener\">http:\/\/support.google.com\/chrome\/bin\/answer.py?hl=es&amp;answer=95647<\/a><\/p><p>Safari, depuis\u00a0<a href=\"http:\/\/support.apple.com\/kb\/ph5042\" target=\"_blank\" rel=\"noopener\">http:\/\/support.apple.com\/kb\/ph5042<\/a><\/p><p>Explorer, depuis\u00a0<a href=\"http:\/\/windows.microsoft.com\/es-es\/windows7\/how-to-manage-cookies-in-internet-explorer-9\" target=\"_blank\" rel=\"noopener\">http:\/\/windows.microsoft.com\/es-es\/windows7\/how-to-manage-cookies-in-internet-explorer-9<\/a><\/p><p>Firefox, depuis\u00a0<a href=\"http:\/\/support.mozilla.org\/es\/kb\/habilitar-y-deshabilitar-cookies-que-los-sitios-we\" target=\"_blank\" rel=\"noopener\">http:\/\/support.mozilla.org\/es\/kb\/habilitar-y-deshabilitar-cookies-que-los-sitios-we<\/a><\/p><p>Tout ce qui concerne les cookies de Google, aussi bien analytiques que publicitaires, ainsi que leur administration et configuration peut \u00eatre consult\u00e9 sur:<\/p><p>http:\/\/www.google.es\/intl\/es\/policies\/technologies\/types\/<\/p><p>http:\/\/www.google.es\/policies\/technologies\/ads\/<\/p><p>https:\/\/developers.google.com\/analytics\/devguides\/collection\/analyticsjs\/cookie-usage<\/p><\/div><\/section>\t\t\t\t\t\t\t\t<\/div>\n\t\t\t\t<\/div>\n\t\t\t\t<div class=\"elementor-element elementor-element-7edd631 elementor-widget-divider--view-line elementor-widget elementor-widget-divider\" data-id=\"7edd631\" data-element_type=\"widget\" data-e-type=\"widget\" data-widget_type=\"divider.default\">\n\t\t\t\t<div class=\"elementor-widget-container\">\n\t\t\t\t\t\t\t<div class=\"elementor-divider\">\n\t\t\t<span class=\"elementor-divider-separator\">\n\t\t\t\t\t\t<\/span>\n\t\t<\/div>\n\t\t\t\t\t\t<\/div>\n\t\t\t\t<\/div>\n\t\t\t\t<\/div>\n\t\t\t\t\t<\/div>\n\t\t\t\t<\/div>\n\t\t\t\t<\/div>\n\t\t","protected":false},"excerpt":{"rendered":"<p>POLITIQUE EN MATI\u00c8RE DE COOKIES QUE SONT LES COOKIES ? Le site web du prestataire peut utiliser des cookies. Le cookie est un fichier qui se t\u00e9l\u00e9charge sur votre ordinateur en acc\u00e9dant \u00e0 certains sites web. Les cookies permettent \u00e0 une page web, notamment, de stocker et de r\u00e9cup\u00e9rer des informations sur les habitudes de [&hellip;]<\/p>\n","protected":false},"author":2,"featured_media":0,"parent":0,"menu_order":0,"comment_status":"closed","ping_status":"closed","template":"","meta":{"footnotes":""},"class_list":["post-2871","page","type-page","status-publish","hentry"],"_links":{"self":[{"href":"https:\/\/tentaccion.com\/fr\/wp-json\/wp\/v2\/pages\/2871","targetHints":{"allow":["GET"]}}],"collection":[{"href":"https:\/\/tentaccion.com\/fr\/wp-json\/wp\/v2\/pages"}],"about":[{"href":"https:\/\/tentaccion.com\/fr\/wp-json\/wp\/v2\/types\/page"}],"author":[{"embeddable":true,"href":"https:\/\/tentaccion.com\/fr\/wp-json\/wp\/v2\/users\/2"}],"replies":[{"embeddable":true,"href":"https:\/\/tentaccion.com\/fr\/wp-json\/wp\/v2\/comments?post=2871"}],"version-history":[{"count":10,"href":"https:\/\/tentaccion.com\/fr\/wp-json\/wp\/v2\/pages\/2871\/revisions"}],"predecessor-version":[{"id":2886,"href":"https:\/\/tentaccion.com\/fr\/wp-json\/wp\/v2\/pages\/2871\/revisions\/2886"}],"wp:attachment":[{"href":"https:\/\/tentaccion.com\/fr\/wp-json\/wp\/v2\/media?parent=2871"}],"curies":[{"name":"wp","href":"https:\/\/api.w.org\/{rel}","templated":true}]}}