{"id":2887,"date":"2024-01-30T12:38:12","date_gmt":"2024-01-30T12:38:12","guid":{"rendered":"https:\/\/tentaccion.com\/politicas-de-privacidad\/"},"modified":"2024-02-05T09:37:46","modified_gmt":"2024-02-05T09:37:46","slug":"politicas-de-privacidad","status":"publish","type":"page","link":"https:\/\/tentaccion.com\/fr\/politicas-de-privacidad\/","title":{"rendered":"POLITIQUE DE CONFIDENTIALIT\u00c9"},"content":{"rendered":"\t\t<div data-elementor-type=\"wp-page\" data-elementor-id=\"2887\" class=\"elementor elementor-2887 elementor-2626\" data-elementor-post-type=\"page\">\n\t\t\t\t<div class=\"elementor-element elementor-element-1e5b0d9 e-flex e-con-boxed e-con e-parent\" data-id=\"1e5b0d9\" data-element_type=\"container\" data-e-type=\"container\" data-settings=\"{&quot;background_background&quot;:&quot;classic&quot;}\">\n\t\t\t\t\t<div class=\"e-con-inner\">\n\t\t<div class=\"elementor-element elementor-element-158915c e-flex e-con-boxed elementor-invisible e-con e-child\" data-id=\"158915c\" data-element_type=\"container\" data-e-type=\"container\" data-settings=\"{&quot;animation&quot;:&quot;fadeIn&quot;}\">\n\t\t\t\t\t<div class=\"e-con-inner\">\n\t\t\t\t<div class=\"elementor-element elementor-element-5142beb elementor-widget elementor-widget-heading\" data-id=\"5142beb\" data-element_type=\"widget\" data-e-type=\"widget\" data-widget_type=\"heading.default\">\n\t\t\t\t<div class=\"elementor-widget-container\">\n\t\t\t\t\t<h2 class=\"elementor-heading-title elementor-size-default\">POLITIQUE DE CONFIDENTIALIT\u00c9<\/h2>\t\t\t\t<\/div>\n\t\t\t\t<\/div>\n\t\t\t\t\t<\/div>\n\t\t\t\t<\/div>\n\t\t<div class=\"elementor-element elementor-element-aacfd3d e-flex e-con-boxed elementor-invisible e-con e-child\" data-id=\"aacfd3d\" data-element_type=\"container\" data-e-type=\"container\" data-settings=\"{&quot;animation&quot;:&quot;fadeIn&quot;,&quot;animation_delay&quot;:1000}\">\n\t\t\t\t\t<div class=\"e-con-inner\">\n\t\t<div class=\"elementor-element elementor-element-57687a6 e-flex e-con-boxed e-con e-child\" data-id=\"57687a6\" data-element_type=\"container\" data-e-type=\"container\">\n\t\t\t\t\t<div class=\"e-con-inner\">\n\t\t\t\t<div class=\"elementor-element elementor-element-dd4ce48 elementor-widget elementor-widget-spacer\" data-id=\"dd4ce48\" data-element_type=\"widget\" data-e-type=\"widget\" data-widget_type=\"spacer.default\">\n\t\t\t\t<div class=\"elementor-widget-container\">\n\t\t\t\t\t\t\t<div class=\"elementor-spacer\">\n\t\t\t<div class=\"elementor-spacer-inner\"><\/div>\n\t\t<\/div>\n\t\t\t\t\t\t<\/div>\n\t\t\t\t<\/div>\n\t\t\t\t\t<\/div>\n\t\t\t\t<\/div>\n\t\t\t\t\t<\/div>\n\t\t\t\t<\/div>\n\t\t\t\t\t<\/div>\n\t\t\t\t<\/div>\n\t\t<div class=\"elementor-element elementor-element-dbafed6 e-flex e-con-boxed elementor-invisible e-con e-parent\" data-id=\"dbafed6\" data-element_type=\"container\" data-e-type=\"container\" data-settings=\"{&quot;background_background&quot;:&quot;classic&quot;,&quot;animation&quot;:&quot;fadeInUp&quot;,&quot;animation_delay&quot;:2000}\">\n\t\t\t\t\t<div class=\"e-con-inner\">\n\t\t<div class=\"elementor-element elementor-element-e94b050 e-con-full e-flex e-con e-child\" data-id=\"e94b050\" data-element_type=\"container\" data-e-type=\"container\" data-settings=\"{&quot;background_background&quot;:&quot;classic&quot;}\">\n\t\t\t\t<div class=\"elementor-element elementor-element-8522bb6 elementor-widget elementor-widget-spacer\" data-id=\"8522bb6\" data-element_type=\"widget\" data-e-type=\"widget\" data-widget_type=\"spacer.default\">\n\t\t\t\t<div class=\"elementor-widget-container\">\n\t\t\t\t\t\t\t<div class=\"elementor-spacer\">\n\t\t\t<div class=\"elementor-spacer-inner\"><\/div>\n\t\t<\/div>\n\t\t\t\t\t\t<\/div>\n\t\t\t\t<\/div>\n\t\t\t\t<\/div>\n\t\t\t\t\t<\/div>\n\t\t\t\t<\/div>\n\t\t<div class=\"elementor-element elementor-element-8fba8d9 e-flex e-con-boxed e-con e-parent\" data-id=\"8fba8d9\" data-element_type=\"container\" data-e-type=\"container\">\n\t\t\t\t\t<div class=\"e-con-inner\">\n\t\t\t\t<div class=\"elementor-element elementor-element-18e6a6a elementor-widget elementor-widget-spacer\" data-id=\"18e6a6a\" data-element_type=\"widget\" data-e-type=\"widget\" data-widget_type=\"spacer.default\">\n\t\t\t\t<div class=\"elementor-widget-container\">\n\t\t\t\t\t\t\t<div class=\"elementor-spacer\">\n\t\t\t<div class=\"elementor-spacer-inner\"><\/div>\n\t\t<\/div>\n\t\t\t\t\t\t<\/div>\n\t\t\t\t<\/div>\n\t\t\t\t\t<\/div>\n\t\t\t\t<\/div>\n\t\t<div class=\"elementor-element elementor-element-5755138 e-flex e-con-boxed e-con e-parent\" data-id=\"5755138\" data-element_type=\"container\" data-e-type=\"container\" data-settings=\"{&quot;background_background&quot;:&quot;classic&quot;}\">\n\t\t\t\t\t<div class=\"e-con-inner\">\n\t\t<div class=\"elementor-element elementor-element-66640b7 e-con-full e-flex e-con e-child\" data-id=\"66640b7\" data-element_type=\"container\" data-e-type=\"container\">\n\t\t\t\t<div class=\"elementor-element elementor-element-21d3942 elementor-widget elementor-widget-spacer\" data-id=\"21d3942\" data-element_type=\"widget\" data-e-type=\"widget\" data-widget_type=\"spacer.default\">\n\t\t\t\t<div class=\"elementor-widget-container\">\n\t\t\t\t\t\t\t<div class=\"elementor-spacer\">\n\t\t\t<div class=\"elementor-spacer-inner\"><\/div>\n\t\t<\/div>\n\t\t\t\t\t\t<\/div>\n\t\t\t\t<\/div>\n\t\t\t\t<div class=\"elementor-element elementor-element-d486052 elementor-widget elementor-widget-heading\" data-id=\"d486052\" data-element_type=\"widget\" data-e-type=\"widget\" data-widget_type=\"heading.default\">\n\t\t\t\t<div class=\"elementor-widget-container\">\n\t\t\t\t\t<h2 class=\"elementor-heading-title elementor-size-default\">POLITIQUE DE CONFIDENTIALIT\u00c9<\/h2>\t\t\t\t<\/div>\n\t\t\t\t<\/div>\n\t\t\t\t<div class=\"elementor-element elementor-element-9e89e0d elementor-widget-mobile__width-auto elementor-widget elementor-widget-text-editor\" data-id=\"9e89e0d\" data-element_type=\"widget\" data-e-type=\"widget\" data-widget_type=\"text-editor.default\">\n\t\t\t\t<div class=\"elementor-widget-container\">\n\t\t\t\t\t\t\t\t\t<p class=\"right\">V. 2018-05-24 13:00:30<\/p><p><strong>TENTACCION SOL Y SOMBRA, S.L.<\/strong>\u00a0vous informe de sa politique de protection des donn\u00e9es personnelles. Lorsque nous avons besoin d\u2019obtenir des informations de votre part, nous vous demanderons toujours de bien vouloir nous les fournir volontairement de fa\u00e7on expresse. Les donn\u00e9es collect\u00e9es via les formulaires de collecte des donn\u00e9es du site web ou d\u2019autres voies seront int\u00e9gr\u00e9es \u00e0 un fichier de donn\u00e9es personnelles d\u00fbment inscrit sur le Registre g\u00e9n\u00e9ral de protection des donn\u00e9es de l\u2019Agence espagnole de protection des donn\u00e9es, dont\u00a0<strong>TENTACCION SOL Y SOMBRA, S.L.<\/strong>\u00a0est responsable. Cet \u00e9tablissement traitera les donn\u00e9es de fa\u00e7on confidentielle et exclusivement afin de commercialiser les services demand\u00e9s, avec toutes les garanties l\u00e9gales et de s\u00e9curit\u00e9 impos\u00e9es par la Loi organique 15\/1999 du 13 de d\u00e9cembre sur la Protection des donn\u00e9es personnelles, le D\u00e9cret royal 1720\/2007 du 21 d\u00e9cembre et la Loi 34\/2002 du 11 juillet sur les services de la soci\u00e9t\u00e9 de l\u2019information et du commerce \u00e9lectronique.<\/p><p><strong>TENTACCION SOL Y SOMBRA, S.L.<\/strong>\u00a0se r\u00e9serve le droit de modifier la pr\u00e9sente politique, en vous informant pr\u00e9alablement des changements qui s\u2019y produisent par le biais de cet avertissement.<\/p><p><strong>TENTACCION SOL Y SOMBRA, S.L.<\/strong>\u00a0s\u2019engage \u00e0 ne pas c\u00e9der, vendre, ou partager les donn\u00e9es \u00e0 des tiers sans avoir re\u00e7u leur consentement expr\u00e8s. La collecte et le traitement des donn\u00e9es personnelles que vous fournissez a pour finalit\u00e9 de vous contacter pour apporter une r\u00e9ponse \u00e0 votre demande et vous informer sur les produits et services que vous proposez \u00e0 cette entreprise, par tout moyen de communication, y compris \u00e9lectronique. Lorsque pour utiliser ou demander un service, il est n\u00e9cessaire de fournir des donn\u00e9es personnelles, les utilisateurs garantissent leur v\u00e9racit\u00e9, exactitude, authenticit\u00e9 et vigueur. \u00c0 cet \u00e9gard, les utilisateurs devront tenir \u00e0 jour les donn\u00e9es de fa\u00e7on \u00e0 ce qu\u2019elles correspondent \u00e0 la r\u00e9alit\u00e9 \u00e0 tout moment. Les donn\u00e9es fournies dans les domaines marqu\u00e9s d\u2019une (*) sont obligatoires afin de pouvoir r\u00e9pondre \u00e0 la finalit\u00e9 pr\u00e9sent\u00e9e au paragraphe ci-dessus.<\/p><p><strong>TENTACCION SOL Y SOMBRA, S.L.<\/strong>\u00a0a pris les mesures n\u00e9cessaires pour \u00e9viter l\u2019alt\u00e9ration, la perte ou le traitement non autoris\u00e9 de donn\u00e9es personnelles que vous fournirez, avec les limites qu\u2019Internet implique.<\/p><p><strong>TENTACCION SOL Y SOMBRA, S.L.<\/strong> d\u00e9clare son engagement de confidentialit\u00e9 envers le traitement de vos donn\u00e9es personnelles. Vous avez le droit d\u2019acc\u00e8s aux informations qui vous concernent, \u00e0 les rectifier si elles sont erron\u00e9es, \u00e0 les annuler ou \u00e0 vous opposer \u00e0 leur traitement par courrier \u00e9lectronique \u00e0 , ou par courrier \u00e9crit adress\u00e9 \u00e0 <a href=\"mailto:babro@tentaccion.es\">babro@tentaccion.es<\/a> : <strong>TENTACCION SOL Y SOMBRA, S.L. Pol\u00edgono Ibai Ondo Pabell\u00f3n 17-18 Hernani 20120 Guip\u00fazcoa<\/strong>.<\/p>\t\t\t\t\t\t\t\t<\/div>\n\t\t\t\t<\/div>\n\t\t\t\t<div class=\"elementor-element elementor-element-6e5e3a4 elementor-widget-divider--view-line elementor-widget elementor-widget-divider\" data-id=\"6e5e3a4\" data-element_type=\"widget\" data-e-type=\"widget\" data-widget_type=\"divider.default\">\n\t\t\t\t<div class=\"elementor-widget-container\">\n\t\t\t\t\t\t\t<div class=\"elementor-divider\">\n\t\t\t<span class=\"elementor-divider-separator\">\n\t\t\t\t\t\t<\/span>\n\t\t<\/div>\n\t\t\t\t\t\t<\/div>\n\t\t\t\t<\/div>\n\t\t\t\t<\/div>\n\t\t\t\t\t<\/div>\n\t\t\t\t<\/div>\n\t\t\t\t<\/div>\n\t\t","protected":false},"excerpt":{"rendered":"<p>POLITIQUE DE CONFIDENTIALIT\u00c9 POLITIQUE DE CONFIDENTIALIT\u00c9 V. 2018-05-24 13:00:30 TENTACCION SOL Y SOMBRA, S.L.\u00a0vous informe de sa politique de protection des donn\u00e9es personnelles. Lorsque nous avons besoin d\u2019obtenir des informations de votre part, nous vous demanderons toujours de bien vouloir nous les fournir volontairement de fa\u00e7on expresse. Les donn\u00e9es collect\u00e9es via les formulaires de collecte [&hellip;]<\/p>\n","protected":false},"author":2,"featured_media":0,"parent":0,"menu_order":0,"comment_status":"closed","ping_status":"closed","template":"","meta":{"footnotes":""},"class_list":["post-2887","page","type-page","status-publish","hentry"],"_links":{"self":[{"href":"https:\/\/tentaccion.com\/fr\/wp-json\/wp\/v2\/pages\/2887","targetHints":{"allow":["GET"]}}],"collection":[{"href":"https:\/\/tentaccion.com\/fr\/wp-json\/wp\/v2\/pages"}],"about":[{"href":"https:\/\/tentaccion.com\/fr\/wp-json\/wp\/v2\/types\/page"}],"author":[{"embeddable":true,"href":"https:\/\/tentaccion.com\/fr\/wp-json\/wp\/v2\/users\/2"}],"replies":[{"embeddable":true,"href":"https:\/\/tentaccion.com\/fr\/wp-json\/wp\/v2\/comments?post=2887"}],"version-history":[{"count":4,"href":"https:\/\/tentaccion.com\/fr\/wp-json\/wp\/v2\/pages\/2887\/revisions"}],"predecessor-version":[{"id":2891,"href":"https:\/\/tentaccion.com\/fr\/wp-json\/wp\/v2\/pages\/2887\/revisions\/2891"}],"wp:attachment":[{"href":"https:\/\/tentaccion.com\/fr\/wp-json\/wp\/v2\/media?parent=2887"}],"curies":[{"name":"wp","href":"https:\/\/api.w.org\/{rel}","templated":true}]}}